{"id":428,"date":"2024-08-21T11:03:20","date_gmt":"2024-08-21T09:03:20","guid":{"rendered":"https:\/\/3points.emmgee.de\/?page_id=428"},"modified":"2024-08-21T11:03:21","modified_gmt":"2024-08-21T09:03:21","slug":"datenschutzbestimmungen","status":"publish","type":"page","link":"https:\/\/www.3points.de\/en\/datenschutzbestimmungen\/","title":{"rendered":"Datenschutzbestimmungen"},"content":{"rendered":"\n<p>Der Schutz der Privatsph\u00e4re ist der Firma 3Points Software GmbH, Zielstattstr. 10a, 81379 M\u00fcnchen (im Weiteren: \u201e<strong>3Points<\/strong>\u201c) bei der Verarbeitung Ihrer Daten ein wichtiges Anliegen. Die Verarbeitung der erhobenen Daten erfolgt gem\u00e4\u00df den Bestimmungen des Bundesdatenschutzgesetzes (BDSG), der Datenschutzgrundverordnung (DSGVO) und anderen gesetzlichen Bestimmungen, die f\u00fcr den elektronischen Gesch\u00e4ftsverkehr gelten.<br>Die Verarbeitung personenbezogener Daten durch uns dient grunds\u00e4tzlich dem Zweck der Erf\u00fcllung des Vertrages mit Ihnen i.S.d. Art. 6 Abs. 1 lit. b bzw. zur Wahrung unserer berechtigten Interessen, v.a. unserer Rechenschaftspflicht gegen\u00fcber Finanzbeh\u00f6rden, i.S.d. Art. 6 Abs. 1 lit. f. Wenn nicht einer der zuvor benannten gesetzlichen Erlaubnistatbest\u00e4nde vorliegt, werden wir vor der Datenverarbeitung Ihr Einverst\u00e4ndnis nach Art. 6 Abs. 1 lit. a einholen. Detaillierte Angaben zur Datenverarbeitung k\u00f6nnen Sie den folgenden Erkl\u00e4rungen entnehmen.&nbsp;<strong>3Points<\/strong>&nbsp;bittet Sie daher, diese zur Kenntnis zu nehmen und gegebenenfalls auszudrucken oder abzuspeichern.<\/p>\n\n\n\n<h2 class=\"wp-block-heading\"><strong>1 Die f\u00fcr die Datenverarbeitung verantwortliche Stelle<\/strong><\/h2>\n\n\n\n<p>Verantwortlich f\u00fcr die Datenverarbeitung ist die Firma<\/p>\n\n\n\n<p><strong>3Points Software GmbH<br><\/strong>Zielstattstr. 10a<br>D \u2013 81379 M\u00fcnchen<br>Telefon: &nbsp;&nbsp;&nbsp;&nbsp;&nbsp;&nbsp;&nbsp;&nbsp;&nbsp; 089 748967-0<br>E-Mail:&nbsp;&nbsp;&nbsp;&nbsp;&nbsp;&nbsp;&nbsp;&nbsp;&nbsp;&nbsp;&nbsp;&nbsp;<a href=\"mailto:info@3points.de\">info(@)3points.de<\/a><\/p>\n\n\n\n<p>Verantwortlicher Ansprechpartner im Hause von&nbsp;<strong>3Points&nbsp;<\/strong>ist&nbsp;<strong>Peter Lorenz,&nbsp;<\/strong>ebenda<strong>.<\/strong><\/p>\n\n\n\n<p><strong><br><\/strong>Als Datenschutzbeauftragter f\u00fcr&nbsp;<strong>3Points&nbsp;<\/strong>wurde ernannt<\/p>\n\n\n\n<p>Rechtsanwalt Richard Metz<br>Kanzlei Lohmanns Lankes und Partner PartGmbB Rechtsanw\u00e4lte und Patentanwalt<br>W\u00fcrmtalstra\u00dfe 20 a<br>81375 M\u00fcnchen<\/p>\n\n\n\n<h2 class=\"wp-block-heading\"><strong>2 Einsatz von \u201eCookies<\/strong><strong>\u201c<\/strong><\/h2>\n\n\n\n<p>Bei Besuch unseres Internetauftritts werden Informationen in Form von \u201eCookies\u201c tempor\u00e4r oder dauerhaft auf dem Endger\u00e4t des Nutzers abgelegt, die den Nutzer bei seinem n\u00e4chsten Besuch automatisch wiedererkennen.<br>Cookies sind kleine Textdateien, die es z.B. erlauben, eine Webseite den Interessen des Besuchers anzupassen. Wenn eine Ablage von Cookies durch&nbsp;<strong>3Points&nbsp;<\/strong>nicht gewollt ist, wird darum gebeten, den verwendeten Internet-Browser so einzustellen, dass dieser Cookies von der Computerfestplatte l\u00f6scht, alle oder bestimmte Cookies blockiert oder eine Warnung abgibt, bevor Cookies abgespeichert werden.<\/p>\n\n\n\n<p>Weitere Funktionen der von uns eingesetzten Cookies k\u00f6nnen Sie Ziff. 5 entnehmen.<\/p>\n\n\n\n<h2 class=\"wp-block-heading\"><strong>3 Automatisch erfasste, nicht-personenbezogene Daten<\/strong><\/h2>\n\n\n\n<p>Bei Besuch unseres Internetauftritts werden durch unseren Webserver standardm\u00e4\u00dfig<\/p>\n\n\n\n<ul class=\"wp-block-list\">\n<li>Domain (Webseite die Sie )<\/li>\n\n\n\n<li>Webseite, von der aus Sie uns besuchen (Referrer URL)<\/li>\n<\/ul>\n\n\n\n<ul class=\"wp-block-list\">\n<li>Datum und Uhrzeit Ihres Besuches<\/li>\n\n\n\n<li>Browsertyp und -version; verwendetes Betriebssystem<\/li>\n\n\n\n<li>\u00dcbertragene Bytes<\/li>\n<\/ul>\n\n\n\n<p><strong>3Points<\/strong>&nbsp;verwendet diese Informationen, um die Attraktivit\u00e4t, die Leistungen und den Inhalt des Internetauftritts zu ermitteln und zu verbessern und um eine sichere Zurverf\u00fcgungstellung unseres Onlineangebotes zu gew\u00e4hrleisten (beispielsweise um ungewollte Zugriffe nachverfolgen zu k\u00f6nnen).<\/p>\n\n\n\n<p>Die Serverlogfiles enthalten IP-Adressen oder sonstige Daten, die eine Zuordnung zu einem Nutzer erm\u00f6glichen. Dies k\u00f6nnte beispielsweise der Fall sein, wenn der Link zur Website, von der der Nutzer auf die Internetseite gelangt, oder der Link zur Website, zu der der Nutzer wechselt, personenbezogene Daten enth\u00e4lt. Die Daten werden ebenfalls in den Logfiles unseres Systems gespeichert. Eine Speicherung dieser Daten zusammen mit anderen personenbezogenen Daten des Nutzers findet nicht statt. Die Daten werden gel\u00f6scht, sobald sie f\u00fcr die Erreichung des Zweckes ihrer Erhebung nicht mehr erforderlich sind. Im Falle der Speicherung der Daten in Logfiles ist dies bei uns nach sp\u00e4testens drei Tagen der Fall.<\/p>\n\n\n\n<h2 class=\"wp-block-heading\"><strong>4 Verarbeitung personenbezogener Daten<\/strong><\/h2>\n\n\n\n<ol class=\"wp-block-list\">\n<li>Personenbezogene Daten werden durch\u00a0<strong>3Points\u00a0<\/strong>grunds\u00e4tzlich nur erhoben, wenn Sie uns diese aktiv mitteilen, z.B. zum Anlegen eines Kunden-Accounts oder bei Kontaktaufnahme mit uns per Email oder unser Kontaktformular. Sie haben jeder Zeit das Recht der Nutzung dieser Daten zu dem jeweiligen Zweck f\u00fcr die Zukunft zu widersprechen. Sehen Sie hierzu auch Ziff. 8.<\/li>\n\n\n\n<li>Die von Ihnen erhobenen pers\u00f6nlichen Daten werden nur zu dem Zweck verwendet, f\u00fcr den Sie uns diese \u00fcberlassen haben bzw. f\u00fcr deren Verarbeitung Sie uns Ihr Einverst\u00e4ndnis erteilt haben.<br>Die von Ihnen erhobenen pers\u00f6nlichen Daten werden nur zu dem Zweck verwendet, f\u00fcr den Sie uns diese \u00fcberlassen haben. Grunds\u00e4tzlich verwenden wir Ihre Daten nur, soweit dies zur Bereitstellung einer funktionsf\u00e4higen Webseite sowie unserer Inhalte erforderlich ist. Damit wir unsere Leistungen tats\u00e4chlich erbringen k\u00f6nnen, ben\u00f6tigen wir ggfs. weitergehende Daten zur Vertragserf\u00fcllung. Die Erhebung und Weiterverwendung von Daten kann ferner auch auf Basis Ihres erteilten Einverst\u00e4ndnisses f\u00fcr deren Nutzung und Weitergabe erfolgen. Eine Ausnahme gilt nur in solchen F\u00e4llen, in denen eine vorherige Einholung einer Einwilligung aus tats\u00e4chlichen Gr\u00fcnden nicht m\u00f6glich ist und die Verarbeitung der Daten durch gesetzliche Vorschriften gestattet ist.<br>Soweit wir f\u00fcr Verarbeitungsvorg\u00e4nge personenbezogener Daten eine Einwilligung von Ihnen einholen, dient Art.\u00a06 Abs.\u00a01 lit.\u00a0a EU-Datenschutzgrundverordnung (DSGVO) als Rechtsgrundlage f\u00fcr die Verarbeitung personenbezogener Daten.<br>Bei der Verarbeitung von personenbezogenen Daten, die zur Erf\u00fcllung eines Vertrages mit Ihnen, erforderlich ist, dient Art.\u00a06 Abs.\u00a01 lit.\u00a0b DSGVO als Rechtsgrundlage. Dies gilt auch f\u00fcr Verarbeitungsvorg\u00e4nge, die zur Durchf\u00fchrung vorvertraglicher Ma\u00dfnahmen erforderlich sind.<br>Soweit eine Verarbeitung personenbezogener Daten zur Erf\u00fcllung einer rechtlichen Verpflichtung erforderlich ist, der unser Unternehmen unterliegt, dient Art.\u00a06 Abs.\u00a01 lit.\u00a0c DSGVO als Rechtsgrundlage.<br>F\u00fcr den Fall, dass lebenswichtige Interessen der betroffenen Person oder einer anderen nat\u00fcrlichen Person eine Verarbeitung personenbezogener Daten erforderlich machen, dient Art.\u00a06 Abs.\u00a01 lit.\u00a0d DSGVO als Rechtsgrundlage.<br>Ist die Verarbeitung zur Wahrung eines berechtigten Interesses unseres Unternehmens oder eines Dritten erforderlich und \u00fcberwiegen Ihre Interessen, Grundrechte und Grundfreiheiten nicht, so dient Art.\u00a06 Abs.\u00a01 lit.\u00a0f DSGVO als Rechtsgrundlage f\u00fcr die Verarbeitung.<br>Die personenbezogenen Daten der betroffenen Person werden gel\u00f6scht oder gesperrt, sobald der Zweck der Speicherung entf\u00e4llt. Nach vollst\u00e4ndiger Abwicklung des Vertragsverh\u00e4ltnisses werden die Nutzerdaten nur solange gespeichert, wie es aufgrund von steuer- und handelsrechtlichen Aufbewahrungsfristen notwendig ist. Nach Ablauf dieser Fristen werden die Daten jedoch gel\u00f6scht, sofern Sie in die weitere oder anderswertige Verwendung dieser nicht ausdr\u00fccklich eingewilligt haben. Auch w\u00e4hrend der Aufbewahrungsfristen k\u00f6nnen Sie Rechte geltend machen, wie z.B. die Sperrung Ihrer Daten. Sehen Sie hierzu Ziff 8.<\/li>\n\n\n\n<li>Erhebungen von bzw. \u00dcbermittlungen pers\u00f6nlicher Daten an staatliche Einrichtungen und Beh\u00f6rden erfolgen nur im Rahmen zwingender nationaler Rechtsvorschriften.<\/li>\n\n\n\n<li>Eine \u00dcbermittlung Ihrer pers\u00f6nlichen Daten an Dritte zu anderen als den im Folgenden aufgef\u00fchrten Zwecken findet nicht statt. Wir geben Ihre pers\u00f6nlichen Daten nur an Dritte weiter, wenn:<ul><li>Sie Ihre nach Art. 6 Abs. 1 S. 1 lit. a DSGVO ausdr\u00fcckliche Einwilligung dazu erteilt haben,<\/li><li>die Weitergabe nach Art. 6 Abs. 1 S. 1 lit. f DSGVO zur Geltendmachung, Aus\u00fcbung oder Verteidigung von Rechtsanspr\u00fcchen erforderlich ist und kein Grund zur Annahme besteht, dass Sie ein \u00fcberwiegendes schutzw\u00fcrdiges Interesse an der Nichtweitergabe Ihrer Daten haben,<\/li><li>f\u00fcr den Fall, dass f\u00fcr die Weitergabe nach Art. 6 Abs. 1 S. 1 lit. c DSGVO eine gesetzliche Verpflichtung besteht, sowie<\/li><li>dies gesetzlich zul\u00e4ssig und nach Art. 6 Abs. 1 S. 1 lit. b DSGVO f\u00fcr die Abwicklung von Vertragsverh\u00e4ltnissen mit Ihnen erforderlich ist.<\/li><\/ul>Ihre Daten werden zur Abwicklung eines Vertragsverh\u00e4ltnisses (z.B. einer Dienstleistung oder Verkauf von Waren) \u2013 je nach Art des konkreten Vertragsverh\u00e4ltnisses \u2013 an Dienstleister weitergeleitet, die wir regelm\u00e4\u00dfig zur Erbringung der Dienstleitung oder zur Vertragsabwicklung einsetzen. Soweit gesetzlich vorgeschrieben werden wir mit diesen Dienstleistern eine Vereinbarung zur Auftragsverarbeitung abschlie\u00dfen (Art. 28 DSGVO) um eine Datenverarbeitung nur innerhalb unserer Weisungen unter angemessenen Datensicherheitsma\u00dfnahme sicherzustellen.<\/li>\n<\/ol>\n\n\n\n<h2 class=\"wp-block-heading\"><strong>5 Einsatz von Webtracking<\/strong><\/h2>\n\n\n\n<ol class=\"wp-block-list\">\n<li><strong>Google Analytics<\/strong><strong>3Points\u00a0<\/strong>setzt zur Optimierung seines Internetauftritts Google Analytics ein. Dieses Verfahren dient dazu, die Nutzung des Internetauftritts durch die Nutzer auszuwerten, Reports \u00fcber die Webseitenaktivit\u00e4ten f\u00fcr\u00a0<strong>3Points\u00a0<\/strong>zusammenzustellen und um weitere mit der Nutzung des Internetauftritts verbundene Dienstleistungen zu erbringen.Hierbei wird mit Hilfe der Erweiterung _anonymizelp() eine verk\u00fcrzte IP-Adresse weiterverarbeitet. Durch die Nutzung des Internetauftritts von\u00a0<strong>3Points\u00a0<\/strong>erkl\u00e4ren Sie sich mit der Bearbeitung der \u00fcber Sie erhobenen Daten durch Google zum Einsatz von Google Analytics einverstanden. Google wird die gespeicherten Informationen gegebenenfalls an Dritte weitergeben, sofern dies gesetzlich vorgeschrieben oder soweit Dritte diese Daten im Auftrag von Google verarbeiten. Bei diesem Webanalysedienst von Google Inc. werden ebenfalls Cookies im Sinne der Ziff. 1 auf Ihrem Computer abgespeichert. Die auf diese Weise generierten Informationen werden an einen Server von Google in den USA \u00fcbertragen und dort gespeichert. Google ist Teilnehmer des\u00a0<a href=\"http:\/\/eur-lex.europa.eu\/legal-content\/DE\/TXT\/PDF\/?uri=CELEX:32016D1250&amp;from=DE\" target=\"_blank\" rel=\"noopener noreferrer nofollow\">EU-US Privacy Shield<\/a>\u00a0<a href=\"https:\/\/www.privacyshield.gov\/servlet\/servlet.FileDownload?file=015t00000004qAg\" target=\"_blank\" rel=\"noopener noreferrer nofollow\">(englische Fassung)<\/a>, welcher Mindeststandards f\u00fcr den Schutz pers\u00f6nlicher Daten von Europ\u00e4ern vorschreibt, deren Daten in den USA gespeichert oder verarbeitet werden.Falls die Ablage von Cookies nicht erw\u00fcnscht ist, folgen Sie bitte der Anleitung unter Ziff. 1.Alternativ kann durch den Nutzer das Deaktivierungs-Add-on von Google Analytics unter der URL\u00a0 verwendet werden. Es ist zu beachten, dass dieses nicht f\u00fcr jeden Internet-Browser verf\u00fcgbar ist. Ferner k\u00f6nnen Sie, insbesondere bei Browsern mobiler Endger\u00e4te, ein Opt-Out-Cookie \u00fcber diesen auf Ihr Ger\u00e4t installieren, damit die Erfassung von Daten zuk\u00fcnftig durch Google Analytics auf unserem Internetauftritt unterbunden ist. Bitte beachten Sie, dass Sie beim L\u00f6schen der Cookies auf Ihrem Endger\u00e4t, auch das Opt-Out-Cookie neu installieren m\u00fcssen.<\/li>\n<\/ol>\n\n\n\n<h2 class=\"wp-block-heading\"><strong>6 E-Mail-Kontakt und Kontaktformular<\/strong><\/h2>\n\n\n\n<p>Auf unserer Internetseite ist ein Kontaktformular vorhanden, welches f\u00fcr die elektronische Kontaktaufnahme genutzt werden kann. Nimmt ein Nutzer diese M\u00f6glichkeit war, so werden die in der Eingabemaske eingegeben Daten an uns \u00fcbermittelt und mit dem Inhalt der Nachricht gespeichert. Diese Daten sind:<\/p>\n\n\n\n<ul class=\"wp-block-list\">\n<li>Name<\/li>\n\n\n\n<li>E-Mail<\/li>\n<\/ul>\n\n\n\n<p>Sie k\u00f6nnen uns alternativ \u00fcber unsere bereitgestellte E-Mail-Adresse kontaktieren (siehe Impressum). In diesem Fall werden die mit der E-Mail \u00fcbermittelten personenbezogenen Daten gespeichert.<\/p>\n\n\n\n<p>Es erfolgt in diesem Zusammenhang keine Weitergabe der Daten an Dritte. Ihre Daten werden ausschlie\u00dflich f\u00fcr die Verarbeitung der Konversation verwendet. Die Verarbeitung der personenbezogenen Daten aus der Eingabemaske des Kontaktformulars bzw. einer an uns versendeten Email dient uns allein zur Bearbeitung der Kontaktaufnahme. Im Falle einer Kontaktaufnahme liegt hieran auch das erforderliche berechtigte Interesse an der Verarbeitung der Daten. Die sonstigen w\u00e4hrend des Absendevorgangs verarbeiteten personenbezogenen Daten dienen dazu, einen Missbrauch des Kontaktformulars zu verhindern und die Sicherheit unserer informationstechnischen Systeme sicherzustellen.<\/p>\n\n\n\n<h2 class=\"wp-block-heading\"><strong>7 Links zu anderen Websites<\/strong><\/h2>\n\n\n\n<p>Unser Internetauftritt kann Links zu anderen Webseiten enthalten.&nbsp;<strong>3Points<\/strong>&nbsp;ist f\u00fcr deren Datenschutzerkl\u00e4rungen oder Inhalte nicht verantwortlich.<\/p>\n\n\n\n<h2 class=\"wp-block-heading\"><strong>8 Informationen zu den Nutzerrechten<\/strong><\/h2>\n\n\n\n<p>Auf Aufforderung teilt&nbsp;<strong>3Points<\/strong>&nbsp;m\u00f6glichst umgehend und schriftlich mit, ob und welche pers\u00f6nlichen Daten \u00fcber Sie bei uns gespeichert sind. Sollten trotz der Bem\u00fchungen um Datenrichtigkeit und Aktualit\u00e4t falsche Daten gespeichert sein, werden diese auf eine entsprechende Aufforderung hin durch uns berichtigt.<\/p>\n\n\n\n<p>Neben diesem Recht auf Berichtigung haben Sie gegebenenfalls ein Recht auf Sperrung und L\u00f6schung der von uns erhobenen personenbezogenen Daten. Es kann sein, dass wir nicht jedem Begehren auf L\u00f6schung aus gesetzlichen Gr\u00fcnden, vor allem aufgrund von steuer- oder handelsrechtlichen Vorschriften, oder aus Gr\u00fcnden der reibungslosen Vertragsabwicklung umgehend nachkommen k\u00f6nnen. Wir werden uns in diesem Fall mit Ihnen in Verbindung setzen und mit Ihnen besprechen, inwieweit wir die Daten zur weiteren Verarbeitung sperren k\u00f6nnen und ab welchen Zeitpunkt eine endg\u00fcltige L\u00f6schung m\u00f6glich ist.<\/p>\n\n\n\n<p>Daneben haben Sie ein Recht darauf, dass wir Ihnen auf Anforderungen die Daten als strukturierte, g\u00e4ngiges und maschinenlesbares Format \u00fcbertragen bzw. auf Ihren ausdr\u00fccklichen Wunsch hin, an einen Dritten weiterleiten.<\/p>\n\n\n\n<p>Sie d\u00fcrfen der Nutzung Ihrer Daten f\u00fcr die Zukunft widersprechen, also f\u00fcr andere oder weitere Zwecke als der Vertragsabwicklung bzw. der Verarbeitung in unserem berechtigten Interesse. Sie d\u00fcrfen insbesondere der Nutzung Ihrer Daten f\u00fcr werbliche Zwecke widersprechen. Sie haben auch das Recht, nur eine Einschr\u00e4nkung der Datennutzung f\u00fcr bestimmte Zwecke zu verlangen.<\/p>\n\n\n\n<p>F\u00fcr den Fall, dass weitere Fragen zur Erhebung, Verarbeitung und Nutzung der personenbezogenen Daten bzw. zur Berichtigung, L\u00f6schung oder Sperrung dieser bestehen sollten, wird um eine Kontaktaufnahme mit&nbsp;<strong>3Points<\/strong>&nbsp;gebeten. Die Kontaktadresse ist dem&nbsp;<a href=\"https:\/\/www.3points.de\/en\/impressum\/\">Impressum<\/a>&nbsp;zu entnehmen.<\/p>\n\n\n\n<p>Die f\u00fcr uns bzw. f\u00fcr Beschwerden gegen uns zust\u00e4ndige Aufsichtsbeh\u00f6rde ist das<br>Bayerisches Landesamt f\u00fcr Datenschutzaufsicht (BayLDA)<br>Promenade 27<br>91522 Ansbach<\/p>\n\n\n\n<h2 class=\"wp-block-heading\"><strong>Datensicherheit<\/strong><\/h2>\n\n\n\n<p>Wir verwenden innerhalb des Website-Besuchs, insbesondere dem Support-Login-Bereich das verbreitete SSL-Verfahren (Secure Socket Layer) in Verbindung mit der jeweils h\u00f6chsten Verschl\u00fcsselungsstufe, die von Ihrem Browser unterst\u00fctzt wird. In der Regel handelt es sich dabei um eine 256 Bit Verschl\u00fcsselung. Falls Ihr Browser keine 256-Bit Verschl\u00fcsselung unterst\u00fctzt, greifen wir stattdessen auf 128-Bit v3 Technologie zur\u00fcck. Ob eine einzelne Seite unseres Internetauftrittes verschl\u00fcsselt \u00fcbertragen wird, erkennen Sie an der geschlossenen Darstellung des Sch\u00fcssel- beziehungsweise Schloss-Symbols in der unteren Statusleiste Ihres Browsers.<\/p>\n\n\n\n<p>Wir bedienen uns geeigneter technischer und organisatorischer Sicherheitsma\u00dfnahmen, um Ihre Daten gegen zuf\u00e4llige oder vors\u00e4tzliche Manipulationen, teilweisen oder vollst\u00e4ndigen Verlust, Zerst\u00f6rung oder gegen den unbefugten Zugriff Dritter zu sch\u00fctzen. Unsere Sicherheitsma\u00dfnahmen werden entsprechend der technologischen Entwicklung fortlaufend verbessert.<\/p>\n\n\n\n<h2 class=\"wp-block-heading\"><strong>Sonstiges<\/strong><\/h2>\n\n\n\n<p>Diese Datenschutzerkl\u00e4rung ist aktuell g\u00fcltig und hat den Stand 25.05.2018. Durch die Weiterentwicklung unserer Website und Angebote dar\u00fcber oder aufgrund ge\u00e4nderter gesetzlicher beziehungsweise beh\u00f6rdlicher Vorgaben kann es notwendig werden, diese Datenschutzerkl\u00e4rung zu \u00e4ndern. Die jeweils aktuelle Datenschutzerkl\u00e4rung kann jederzeit auf der Website unter&nbsp;<a href=\"https:\/\/www.3points.de\/en\/datenschutzerklaerung\/\">Datenschutz<\/a>&nbsp;von Ihnen abgerufen und ausgedruckt werden.<\/p>\n","protected":false},"excerpt":{"rendered":"<p>Der Schutz der Privatsph\u00e4re ist der Firma 3Points Software GmbH, Zielstattstr. 10a, 81379 M\u00fcnchen (im Weiteren: \u201e3Points\u201c) bei der Verarbeitung Ihrer Daten ein wichtiges Anliegen. Die Verarbeitung der erhobenen Daten erfolgt gem\u00e4\u00df den Bestimmungen des Bundesdatenschutzgesetzes (BDSG), der Datenschutzgrundverordnung (DSGVO) und anderen gesetzlichen Bestimmungen, die f\u00fcr den elektronischen Gesch\u00e4ftsverkehr gelten.Die Verarbeitung personenbezogener Daten durch uns [&hellip;]<\/p>\n","protected":false},"author":1,"featured_media":0,"parent":0,"menu_order":0,"comment_status":"closed","ping_status":"closed","template":"","meta":{"_acf_changed":false,"footnotes":""},"class_list":["post-428","page","type-page","status-publish","hentry"],"acf":[],"_links":{"self":[{"href":"https:\/\/www.3points.de\/en\/wp-json\/wp\/v2\/pages\/428","targetHints":{"allow":["GET"]}}],"collection":[{"href":"https:\/\/www.3points.de\/en\/wp-json\/wp\/v2\/pages"}],"about":[{"href":"https:\/\/www.3points.de\/en\/wp-json\/wp\/v2\/types\/page"}],"author":[{"embeddable":true,"href":"https:\/\/www.3points.de\/en\/wp-json\/wp\/v2\/users\/1"}],"replies":[{"embeddable":true,"href":"https:\/\/www.3points.de\/en\/wp-json\/wp\/v2\/comments?post=428"}],"version-history":[{"count":1,"href":"https:\/\/www.3points.de\/en\/wp-json\/wp\/v2\/pages\/428\/revisions"}],"predecessor-version":[{"id":429,"href":"https:\/\/www.3points.de\/en\/wp-json\/wp\/v2\/pages\/428\/revisions\/429"}],"wp:attachment":[{"href":"https:\/\/www.3points.de\/en\/wp-json\/wp\/v2\/media?parent=428"}],"curies":[{"name":"wp","href":"https:\/\/api.w.org\/{rel}","templated":true}]}}